{"id":799,"date":"2023-09-22T23:12:35","date_gmt":"2023-09-22T23:12:35","guid":{"rendered":"https:\/\/iran3037.cl\/web\/?page_id=799"},"modified":"2023-09-22T23:14:18","modified_gmt":"2023-09-22T23:14:18","slug":"tesis","status":"publish","type":"page","link":"https:\/\/iran3037.cl\/web\/tesis\/","title":{"rendered":"CENTRO DE DOCUMENTACI\u00d3N: TESIS"},"content":{"rendered":"<ul class=\"glossary-terms-list\"><li><a href=\"https:\/\/iran3037.cl\/web\/glossary\/alegoria-de-la-nacion-quebrada-memoria-emergente-y-narrativa-testimonial-en-una-casa-vacia-de-carlos-cerda-2013\/\">ALEGOR\u00cdA DE LA NACI\u00d3N QUEBRADA: MEMORIA EMERGENTE Y NARRATIVA TESTIMONIAL EN UNA CASA VAC\u00cdA DE CARLOS CERDA (2013)<\/a><\/li><li><a href=\"https:\/\/iran3037.cl\/web\/glossary\/el-tercero-en-la-escena-del-trauma-relatos-de-vecinos-de-prision-politica-y-tortura-venda-sexy-durante-la-dictadura-militar-chilena\/\">El tercero en la escena del trauma: relatos de vecinos de prisi\u00f3n pol\u00edtica y tortura Venda Sexy durante la dictadura militar chilena<\/a><\/li><li><a href=\"https:\/\/iran3037.cl\/web\/glossary\/la-memoria-como-territorio-en-disputa-tension-entre-el-patrimonio-urbano-y-el-desarrollo-urbano-neoliberal-desde-el-sitio-de-memoria-venda-sexy-2023\/\">La memoria como territorio en disputa: tensi\u00f3n entre el patrimonio urbano y el desarrollo urbano neoliberal desde el sitio de memoria Venda Sexy (2023)<\/a><\/li><li><a href=\"https:\/\/iran3037.cl\/web\/glossary\/las-narrativas-de-la-toponimia-en-el-sitio-de-memoria-venda-sexy-discoteque-discursos-y-contextos-en-el-chile-actual\/\">Las narrativas de la toponimia en el Sitio de Memoria \u201cVenda Sexy \u2013 Discoteque\u201d: discursos y contextos en el Chile actual<\/a><\/li><li><a href=\"https:\/\/iran3037.cl\/web\/glossary\/venda-sexy-memorial-contra-la-violencia-politico-sexual-2021\/\">VENDA SEXY: MEMORIAL CONTRA LA VIOLENCIA POL\u00cdTICO SEXUAL (2021)<\/a><\/li><li><a href=\"https:\/\/iran3037.cl\/web\/glossary\/venda-sexy-memorias-no-oficiales-de-un-centro-de-detencion\/\">VENDA SEXY: MEMORIAS NO OFICIALES DE UN CENTRO DE DETENCI\u00d3N<\/a><\/li><li><a href=\"https:\/\/iran3037.cl\/web\/glossary\/venda-sexy-memorias-no-oficiales-de-un-centro-de-detencion-2\/\">Venda Sexy: Memorias no oficiales de un centro de detenci\u00f3n<\/a><\/li><li><a href=\"https:\/\/iran3037.cl\/web\/glossary\/venda-sexy-una-casa-de-tortura-chilena-la-tortura-del-olvido\/\">VENDA SEXY: UNA CASA DE TORTURA CHILENA, LA TORTURA DEL OLVIDO<\/a><\/li><li><a href=\"https:\/\/iran3037.cl\/web\/glossary\/violencia-politica-y-sexual-en-dictadura-las-mujeres-torturadas-por-la-dina\/\">Violencia pol\u00edtica y sexual en dictadura. Las mujeres torturadas por la DINA<\/a><\/li><li><a href=\"https:\/\/iran3037.cl\/web\/glossary\/cuanto-vale-la-memoria-el-caso-de-la-venda-sexy-2\/\">\u00bfCu\u00e1nto vale la memoria? El caso de la \u201cVenda Sexy\u201d<\/a><\/li><li><a href=\"https:\/\/iran3037.cl\/web\/glossary\/cuanto-vale-la-memoria-el-caso-de-la-venda-sexy\/\">\u00bfCu\u00e1nto vale la memoria? El caso de la \u201cVenda Sexy\u201d<\/a><\/li><\/ul>\n","protected":false},"excerpt":{"rendered":"","protected":false},"author":3,"featured_media":0,"parent":0,"menu_order":0,"comment_status":"closed","ping_status":"closed","template":"","meta":{"om_disable_all_campaigns":false,"_eb_attr":"","_uag_custom_page_level_css":"","_monsterinsights_skip_tracking":false,"_monsterinsights_sitenote_active":false,"_monsterinsights_sitenote_note":"","_monsterinsights_sitenote_category":0,"iawp_total_views":219,"footnotes":""},"class_list":["post-799","page","type-page","status-publish","hentry"],"aioseo_notices":[],"uagb_featured_image_src":{"full":false,"thumbnail":false,"medium":false,"medium_large":false,"large":false,"1536x1536":false,"2048x2048":false,"morenews-large":false,"morenews-medium":false},"uagb_author_info":{"display_name":"Editor","author_link":"https:\/\/iran3037.cl\/web\/author\/zeta\/"},"uagb_comment_info":0,"uagb_excerpt":null,"_links":{"self":[{"href":"https:\/\/iran3037.cl\/web\/wp-json\/wp\/v2\/pages\/799","targetHints":{"allow":["GET"]}}],"collection":[{"href":"https:\/\/iran3037.cl\/web\/wp-json\/wp\/v2\/pages"}],"about":[{"href":"https:\/\/iran3037.cl\/web\/wp-json\/wp\/v2\/types\/page"}],"author":[{"embeddable":true,"href":"https:\/\/iran3037.cl\/web\/wp-json\/wp\/v2\/users\/3"}],"replies":[{"embeddable":true,"href":"https:\/\/iran3037.cl\/web\/wp-json\/wp\/v2\/comments?post=799"}],"version-history":[{"count":3,"href":"https:\/\/iran3037.cl\/web\/wp-json\/wp\/v2\/pages\/799\/revisions"}],"predecessor-version":[{"id":802,"href":"https:\/\/iran3037.cl\/web\/wp-json\/wp\/v2\/pages\/799\/revisions\/802"}],"wp:attachment":[{"href":"https:\/\/iran3037.cl\/web\/wp-json\/wp\/v2\/media?parent=799"}],"curies":[{"name":"wp","href":"https:\/\/api.w.org\/{rel}","templated":true}]}}