{"id":2,"date":"2013-11-06T11:55:36","date_gmt":"2013-11-06T11:55:36","guid":{"rendered":"https:\/\/iran3037.cl\/web\/?page_id=2"},"modified":"2023-09-21T13:48:29","modified_gmt":"2023-09-21T13:48:29","slug":"indice_otros","status":"publish","type":"page","link":"https:\/\/iran3037.cl\/web\/indice_otros\/","title":{"rendered":"EL BOSQUE DE LOS AUSENTES: MACUL"},"content":{"rendered":"<ul class=\"glossary-terms-list\"><li><a href=\"https:\/\/iran3037.cl\/web\/glossary\/alfonso-del-carmen-araya-castillo\/\">ALFONSO DEL CARMEN ARAYA CASTILLO<\/a><\/li><li><a href=\"https:\/\/iran3037.cl\/web\/glossary\/angel-gabriel-guerrero-carrillo\/\">ANGEL GABRIEL GUERRERO CARRILLO<\/a><\/li><li><a href=\"https:\/\/iran3037.cl\/web\/glossary\/anibal-raimundo-riquelme-pino\/\">ANIBAL RAIMUNDO RIQUELME PINO<\/a><\/li><li><a href=\"https:\/\/iran3037.cl\/web\/glossary\/blanca-marina-de-la-luz-carrasco-pena\/\">BLANCA MARINA DE LA LUZ CARRASCO PE\u00d1A<\/a><\/li><li><a href=\"https:\/\/iran3037.cl\/web\/glossary\/carmen-bueno-cifuentes\/\">CARMEN CECILIA BUENO CIFUENTES<\/a><\/li><li><a href=\"https:\/\/iran3037.cl\/web\/glossary\/cesar-osvaldo-avila-lara\/\">CESAR OSVALDO AVILA LARA<\/a><\/li><li><a href=\"https:\/\/iran3037.cl\/web\/glossary\/francisco-juan-gonzalez-ortiz\/\">FRANCISCO JUAN GONZALEZ ORTIZ<\/a><\/li><li><a href=\"https:\/\/iran3037.cl\/web\/glossary\/hector-marcial-garay-hermosilla\/\">HECTOR MARCIAL\u00a0GARAY HERMOSILLA<\/a><\/li><li><a href=\"https:\/\/iran3037.cl\/web\/glossary\/hugo-araya-gonzalez\/\">HUGO ARAYA GONZ\u00c1LEZ\u00a0<\/a><\/li><li><a href=\"https:\/\/iran3037.cl\/web\/glossary\/jose-calderon-ovalle\/\">JOSE CALDERON OVALLE<\/a><\/li><li><a href=\"https:\/\/iran3037.cl\/web\/glossary\/juan-humberto-hernandez-zaspe\/\">JUAN HUMBERTO HERN\u00c1NDEZ ZASPE<\/a><\/li><li><a href=\"https:\/\/iran3037.cl\/web\/glossary\/lincoyan-yalu-berrios-cataldo\/\">LINCOYAN YALU BERRIOS CATALDO<\/a><\/li><li><a href=\"https:\/\/iran3037.cl\/web\/glossary\/luis-jaime-palominos-rojas\/\">LUIS JAIME PALOMINOS ROJAS<\/a><\/li><li><a href=\"https:\/\/iran3037.cl\/web\/glossary\/manuel-jesus-tamayo-martinez\/\">MANUEL JES\u00daS TAMAYO MART\u00cdNEZ<\/a><\/li><li><a href=\"https:\/\/iran3037.cl\/web\/glossary\/marcelo-renan-concha-bascunan\/\">MARCELO REN\u00c1N CONCHA BASCU\u00d1\u00c1N<\/a><\/li><li><a href=\"https:\/\/iran3037.cl\/web\/glossary\/mauricio-jean-carrasco-valdivia\/\">MAURICIO JEAN CARRASCO VALDIVIA<\/a><\/li><li><a href=\"https:\/\/iran3037.cl\/web\/glossary\/miguel-angel-acuna-castillo\/\">MIGUEL \u00c1NGEL ACU\u00d1A CASTILLO<\/a><\/li><li><a href=\"https:\/\/iran3037.cl\/web\/glossary\/oscar-reinaldo-lagos-rios\/\">OSCAR REINALDO LAGOS RIOS<\/a><\/li><li><a href=\"https:\/\/iran3037.cl\/web\/glossary\/paulina-alejandra-aguirre-tobar\/\">PAULINA ALEJANDRA\u00a0 AGUIRRE TOBAR\u00a0<\/a><\/li><li><a href=\"https:\/\/iran3037.cl\/web\/glossary\/plutarco-enrique-coussy-benavides\/\">PLUTARCO ENRIQUE COUSSY BENAVIDES<\/a><\/li><li><a href=\"https:\/\/iran3037.cl\/web\/glossary\/reinalda-pereira-plaza\/\">REINALDA PEREIRA PLAZA<\/a><\/li><li><a href=\"https:\/\/iran3037.cl\/web\/glossary\/ricardo-gustavo-rioseco-montoya\/\">RICARDO GUSTAVO RIOSECO MONTOYA<\/a><\/li><li><a href=\"https:\/\/iran3037.cl\/web\/glossary\/rolando-juan-rodriguez-cordero\/\">ROLANDO JUAN RODR\u00cdGUEZ CORDERO<\/a><\/li><li><a href=\"https:\/\/iran3037.cl\/web\/glossary\/sergio-pena-diaz\/\">SERGIO PE\u00d1A DIAZ<\/a><\/li><li><a href=\"https:\/\/iran3037.cl\/web\/glossary\/silvana-garrido-urdiles\/\">SILVANA GARRIDO URDILES<\/a><\/li><li><a href=\"https:\/\/iran3037.cl\/web\/glossary\/teobaldo-rene-salazar-leal\/\">TEOBALDO RENE SALAZAR LEAL\u00a0<\/a><\/li><li><a href=\"https:\/\/iran3037.cl\/web\/glossary\/vicente-israel-garcia-ramirez\/\">VICENTE ISRAEL GARCIA RAMIREZ\u00a0<\/a><\/li><li><a href=\"https:\/\/iran3037.cl\/web\/glossary\/waldo-ulises-pizarro-molina\/\">WALDO ULISES PIZARRO MOLINA<\/a><\/li><\/ul>\n","protected":false},"excerpt":{"rendered":"","protected":false},"author":2,"featured_media":770,"parent":0,"menu_order":0,"comment_status":"closed","ping_status":"open","template":"","meta":{"om_disable_all_campaigns":false,"_eb_attr":"","_uag_custom_page_level_css":"","_monsterinsights_skip_tracking":false,"_monsterinsights_sitenote_active":false,"_monsterinsights_sitenote_note":"","_monsterinsights_sitenote_category":0,"iawp_total_views":444,"footnotes":""},"class_list":["post-2","page","type-page","status-publish","has-post-thumbnail","hentry"],"aioseo_notices":[],"uagb_featured_image_src":{"full":["https:\/\/iran3037.cl\/web\/wp-content\/uploads\/2023\/09\/descarga_1-XldworGKz-transformed.jpeg",371,136,false],"thumbnail":["https:\/\/iran3037.cl\/web\/wp-content\/uploads\/2023\/09\/descarga_1-XldworGKz-transformed-150x136.jpeg",150,136,true],"medium":["https:\/\/iran3037.cl\/web\/wp-content\/uploads\/2023\/09\/descarga_1-XldworGKz-transformed-300x110.jpeg",300,110,true],"medium_large":["https:\/\/iran3037.cl\/web\/wp-content\/uploads\/2023\/09\/descarga_1-XldworGKz-transformed.jpeg",371,136,false],"large":["https:\/\/iran3037.cl\/web\/wp-content\/uploads\/2023\/09\/descarga_1-XldworGKz-transformed.jpeg",371,136,false],"1536x1536":["https:\/\/iran3037.cl\/web\/wp-content\/uploads\/2023\/09\/descarga_1-XldworGKz-transformed.jpeg",371,136,false],"2048x2048":["https:\/\/iran3037.cl\/web\/wp-content\/uploads\/2023\/09\/descarga_1-XldworGKz-transformed.jpeg",371,136,false],"morenews-large":["https:\/\/iran3037.cl\/web\/wp-content\/uploads\/2023\/09\/descarga_1-XldworGKz-transformed.jpeg",371,136,false],"morenews-medium":["https:\/\/iran3037.cl\/web\/wp-content\/uploads\/2023\/09\/descarga_1-XldworGKz-transformed.jpeg",371,136,false]},"uagb_author_info":{"display_name":"c2501764","author_link":"https:\/\/iran3037.cl\/web\/author\/c2501764\/"},"uagb_comment_info":0,"uagb_excerpt":null,"_links":{"self":[{"href":"https:\/\/iran3037.cl\/web\/wp-json\/wp\/v2\/pages\/2","targetHints":{"allow":["GET"]}}],"collection":[{"href":"https:\/\/iran3037.cl\/web\/wp-json\/wp\/v2\/pages"}],"about":[{"href":"https:\/\/iran3037.cl\/web\/wp-json\/wp\/v2\/types\/page"}],"author":[{"embeddable":true,"href":"https:\/\/iran3037.cl\/web\/wp-json\/wp\/v2\/users\/2"}],"replies":[{"embeddable":true,"href":"https:\/\/iran3037.cl\/web\/wp-json\/wp\/v2\/comments?post=2"}],"version-history":[{"count":12,"href":"https:\/\/iran3037.cl\/web\/wp-json\/wp\/v2\/pages\/2\/revisions"}],"predecessor-version":[{"id":778,"href":"https:\/\/iran3037.cl\/web\/wp-json\/wp\/v2\/pages\/2\/revisions\/778"}],"wp:featuredmedia":[{"embeddable":true,"href":"https:\/\/iran3037.cl\/web\/wp-json\/wp\/v2\/media\/770"}],"wp:attachment":[{"href":"https:\/\/iran3037.cl\/web\/wp-json\/wp\/v2\/media?parent=2"}],"curies":[{"name":"wp","href":"https:\/\/api.w.org\/{rel}","templated":true}]}}